{"id":2601,"date":"2025-03-14T18:54:43","date_gmt":"2025-03-14T15:54:43","guid":{"rendered":"https:\/\/shingalverein.org\/yazidi-culture\/"},"modified":"2025-03-14T19:11:03","modified_gmt":"2025-03-14T16:11:03","slug":"die-kultur-der-jesiden","status":"publish","type":"page","link":"https:\/\/shingalverein.org\/de\/die-kultur-der-jesiden\/","title":{"rendered":"Die Kultur der Jesiden"},"content":{"rendered":"\t\t<div data-elementor-type=\"wp-page\" data-elementor-id=\"2601\" class=\"elementor elementor-2601 elementor-2586\" data-elementor-post-type=\"page\">\n\t\t\t\t\t\t<section class=\"elementor-section elementor-top-section elementor-element elementor-element-c233b0c elementor-section-boxed elementor-section-height-default elementor-section-height-default\" data-id=\"c233b0c\" data-element_type=\"section\">\n\t\t\t\t\t\t<div class=\"elementor-container elementor-column-gap-default\">\n\t\t\t\t\t<div class=\"elementor-column elementor-col-100 elementor-top-column elementor-element elementor-element-a25c536\" data-id=\"a25c536\" data-element_type=\"column\">\n\t\t\t<div class=\"elementor-widget-wrap elementor-element-populated\">\n\t\t\t\t\t\t<div class=\"elementor-element elementor-element-dec5d17 elementor-widget elementor-widget-cz_gap\" data-id=\"dec5d17\" data-element_type=\"widget\" data-widget_type=\"cz_gap.default\">\n\t\t\t\t<div class=\"elementor-widget-container\">\n\t\t\t\t\t<div class=\"cz_gap clr\"><\/div>\t\t\t\t<\/div>\n\t\t\t\t<\/div>\n\t\t\t\t<div class=\"elementor-element elementor-element-ee9fcb4 elementor-widget elementor-widget-cz_posts\" data-id=\"ee9fcb4\" data-element_type=\"widget\" data-widget_type=\"cz_posts.default\">\n\t\t\t\t<div class=\"elementor-widget-container\">\n\t\t\t\t\t<div class=\"cz_grid_p\"><ul class=\"cz_grid_filters clr \"><\/ul><div class=\"cz_grid cz_grid_1 clr cz_grid_c3 cz_grid_1_no_icon cz_grid_1_bot tal\" data-atts='{\"action\":\"cz_ajax_elementor_posts\",\"post_class\":\"cz_grid_item\",\"post__in\":null,\"author__in\":null,\"nonce\":\"f97ab82fc8\",\"nonce_id\":\"posts\",\"loadmore_end\":null,\"layout\":\"cz_grid_c3\",\"hover\":\"cz_grid_1_no_icon\",\"subtitles\":[{\"_id\":\"b3255f7\",\"t\":\"date\",\"r\":\"\",\"i\":{\"value\":\"\",\"library\":\"\"},\"p\":\"\",\"ct\":null,\"cm\":null,\"tc\":null}],\"subtitle_pos\":\"\",\"icon\":{\"value\":\"fa fa-search\",\"library\":\"solid\"},\"el\":\"\",\"title_lenght\":\"\",\"cat_tax\":\"category\",\"cat\":[\"92\"],\"cat_exclude\":\"\",\"tag_tax\":\"post_tag\",\"tag_id\":\"\",\"tag_exclude\":\"\",\"post_type\":\"\",\"posts_per_page\":5,\"order\":\"DESC\",\"orderby\":\"date\",\"tilt_data\":null,\"img_fx\":\"\",\"custom_size\":\"\",\"excerpt_rm\":\"\",\"s\":\"\"}'><div class=\"cz_grid_item cz_grid_first\"><\/div><div data-id=\"2660\" class=\"cz_grid_item  cz_posts_list_odd 2660 post-2660 post type-post status-publish format-standard has-post-thumbnail hentry category-aktivitaten category-die-kultur-der-jesiden category-unkategorisiert\"><div class=\"clr\"><a class=\"cz_grid_link\" href=\"https:\/\/shingalverein.org\/de\/islamische-staat-angehoerige-werden-mit-reintegrationsprogrammen-unterstuetzt-waehrend-ezidinnen-nach-elf-jahren-noch-immer-auf-rueckkehr-sicherheit-und-ein-zuhause-warten\/\" title=\"Islamische Staat angeh\u00f6rige werden mit Reintegrationsprogrammen unterst\u00fctzt, w\u00e4hrend Ezid*innen nach elf Jahren noch immer auf R\u00fcckkehr, Sicherheit und ein Zuhause warten.\"><img fetchpriority=\"high\" decoding=\"async\" width=\"1142\" height=\"651\" src=\"data:image\/svg+xml,%3Csvg%20xmlns%3D&#39;http%3A%2F%2Fwww.w3.org%2F2000%2Fsvg&#39;%20width=&#39;1142&#39;%20height=&#39;651&#39;%20viewBox%3D&#39;0%200%201142%20651&#39;%2F%3E\" data-czlz data-src=\"https:\/\/shingalverein.org\/wp-content\/uploads\/2025\/08\/1dd.jpg\" class=\"attachment-full size-full wp-image-2664\" alt=\"\" data-srcset=\"https:\/\/shingalverein.org\/wp-content\/uploads\/2025\/08\/1dd.jpg 1142w, https:\/\/shingalverein.org\/wp-content\/uploads\/2025\/08\/1dd-300x171.jpg 300w, https:\/\/shingalverein.org\/wp-content\/uploads\/2025\/08\/1dd-1024x584.jpg 1024w, https:\/\/shingalverein.org\/wp-content\/uploads\/2025\/08\/1dd-768x438.jpg 768w, https:\/\/shingalverein.org\/wp-content\/uploads\/2025\/08\/1dd-600x342.jpg 600w\" data-sizes=\"(max-width: 1142px) 100vw, 1142px\" \/><div class=\"cz_grid_details\"><i class=\"fa fa-search cz_grid_icon\"><\/i><h3>Islamische Staat angeh\u00f6rige werden mit Reintegrationsprogrammen unterst\u00fctzt, w\u00e4hrend Ezid*innen nach elf Jahren noch immer auf R\u00fcckkehr, Sicherheit und ein Zuhause warten.<\/h3><small class=\"clr\"><span class=\"cz_post_data cz_data_date\">3 August\u060c 2025<\/span><\/small><\/div><\/a><\/div><\/div><div data-id=\"2604\" class=\"cz_grid_item  cz_posts_list_even 2604 post-2604 post type-post status-publish format-standard has-post-thumbnail hentry category-die-kultur-der-jesiden\"><div class=\"clr\"><a class=\"cz_grid_link\" href=\"https:\/\/shingalverein.org\/de\/die-jesidische-religion\/\" title=\"Die Jesidische Religion: Der Kern des Glaubens und die Philosophie des Lebens\"><img decoding=\"async\" width=\"678\" height=\"452\" src=\"data:image\/svg+xml,%3Csvg%20xmlns%3D&#39;http%3A%2F%2Fwww.w3.org%2F2000%2Fsvg&#39;%20width=&#39;678&#39;%20height=&#39;452&#39;%20viewBox%3D&#39;0%200%20678%20452&#39;%2F%3E\" data-czlz data-src=\"https:\/\/shingalverein.org\/wp-content\/uploads\/2025\/03\/4af04d37-2d5c-42fe-8a8d-084922366d3d.jpg\" class=\"attachment-full size-full wp-image-2584\" alt=\"\" data-srcset=\"https:\/\/shingalverein.org\/wp-content\/uploads\/2025\/03\/4af04d37-2d5c-42fe-8a8d-084922366d3d.jpg 678w, https:\/\/shingalverein.org\/wp-content\/uploads\/2025\/03\/4af04d37-2d5c-42fe-8a8d-084922366d3d-300x200.jpg 300w, https:\/\/shingalverein.org\/wp-content\/uploads\/2025\/03\/4af04d37-2d5c-42fe-8a8d-084922366d3d-600x400.jpg 600w\" data-sizes=\"(max-width: 678px) 100vw, 678px\" \/><div class=\"cz_grid_details\"><i class=\"fa fa-search cz_grid_icon\"><\/i><h3>Die Jesidische Religion: Der Kern des Glaubens und die Philosophie des Lebens<\/h3><small class=\"clr\"><span class=\"cz_post_data cz_data_date\">14 M\u00e4rz\u060c 2025<\/span><\/small><\/div><\/a><\/div><\/div><div data-id=\"2603\" class=\"cz_grid_item  cz_posts_list_odd 2603 post-2603 post type-post status-publish format-standard has-post-thumbnail hentry category-die-kultur-der-jesiden\"><div class=\"clr\"><a class=\"cz_grid_link\" href=\"https:\/\/shingalverein.org\/de\/die-jesiden\/\" title=\"Die Jesiden: Die Reise eines uralten Volkes durch die Geschichte\"><img decoding=\"async\" width=\"1080\" height=\"812\" src=\"data:image\/svg+xml,%3Csvg%20xmlns%3D&#39;http%3A%2F%2Fwww.w3.org%2F2000%2Fsvg&#39;%20width=&#39;1080&#39;%20height=&#39;812&#39;%20viewBox%3D&#39;0%200%201080%20812&#39;%2F%3E\" data-czlz data-src=\"https:\/\/shingalverein.org\/wp-content\/uploads\/2025\/03\/a17dc829-655c-402a-802e-7f5739b30b80.jpg\" class=\"attachment-full size-full wp-image-2582\" alt=\"\" data-srcset=\"https:\/\/shingalverein.org\/wp-content\/uploads\/2025\/03\/a17dc829-655c-402a-802e-7f5739b30b80.jpg 1080w, https:\/\/shingalverein.org\/wp-content\/uploads\/2025\/03\/a17dc829-655c-402a-802e-7f5739b30b80-300x226.jpg 300w, https:\/\/shingalverein.org\/wp-content\/uploads\/2025\/03\/a17dc829-655c-402a-802e-7f5739b30b80-1024x770.jpg 1024w, https:\/\/shingalverein.org\/wp-content\/uploads\/2025\/03\/a17dc829-655c-402a-802e-7f5739b30b80-768x577.jpg 768w, https:\/\/shingalverein.org\/wp-content\/uploads\/2025\/03\/a17dc829-655c-402a-802e-7f5739b30b80-600x451.jpg 600w\" data-sizes=\"(max-width: 1080px) 100vw, 1080px\" \/><div class=\"cz_grid_details\"><i class=\"fa fa-search cz_grid_icon\"><\/i><h3>Die Jesiden: Die Reise eines uralten Volkes durch die Geschichte<\/h3><small class=\"clr\"><span class=\"cz_post_data cz_data_date\">14 M\u00e4rz\u060c 2025<\/span><\/small><\/div><\/a><\/div><\/div><div data-id=\"2599\" class=\"cz_grid_item  cz_posts_list_even 2599 post-2599 post type-post status-publish format-standard has-post-thumbnail hentry category-die-kultur-der-jesiden\"><div class=\"clr\"><a class=\"cz_grid_link\" href=\"https:\/\/shingalverein.org\/de\/jesiden-und-ihre-beziehungen\/\" title=\"Jesiden und ihre Beziehungen zu anderen Religionen: Koexistenz und Herausforderungen\"><img loading=\"lazy\" decoding=\"async\" width=\"1280\" height=\"853\" src=\"data:image\/svg+xml,%3Csvg%20xmlns%3D&#39;http%3A%2F%2Fwww.w3.org%2F2000%2Fsvg&#39;%20width=&#39;1280&#39;%20height=&#39;853&#39;%20viewBox%3D&#39;0%200%201280%20853&#39;%2F%3E\" data-czlz data-src=\"https:\/\/shingalverein.org\/wp-content\/uploads\/2025\/03\/355824ba-5914-4d51-a70d-92573494ac45.jpg\" class=\"attachment-full size-full wp-image-2572\" alt=\"\" data-srcset=\"https:\/\/shingalverein.org\/wp-content\/uploads\/2025\/03\/355824ba-5914-4d51-a70d-92573494ac45.jpg 1280w, https:\/\/shingalverein.org\/wp-content\/uploads\/2025\/03\/355824ba-5914-4d51-a70d-92573494ac45-300x200.jpg 300w, https:\/\/shingalverein.org\/wp-content\/uploads\/2025\/03\/355824ba-5914-4d51-a70d-92573494ac45-1024x682.jpg 1024w, https:\/\/shingalverein.org\/wp-content\/uploads\/2025\/03\/355824ba-5914-4d51-a70d-92573494ac45-768x512.jpg 768w, https:\/\/shingalverein.org\/wp-content\/uploads\/2025\/03\/355824ba-5914-4d51-a70d-92573494ac45-600x400.jpg 600w\" data-sizes=\"(max-width: 1280px) 100vw, 1280px\" \/><div class=\"cz_grid_details\"><i class=\"fa fa-search cz_grid_icon\"><\/i><h3>Jesiden und ihre Beziehungen zu anderen Religionen: Koexistenz und Herausforderungen<\/h3><small class=\"clr\"><span class=\"cz_post_data cz_data_date\">14 M\u00e4rz\u060c 2025<\/span><\/small><\/div><\/a><\/div><\/div><\/div><\/div>\t\t\t\t<\/div>\n\t\t\t\t<\/div>\n\t\t\t\t\t<\/div>\n\t\t<\/div>\n\t\t\t\t\t<\/div>\n\t\t<\/section>\n\t\t\t\t<\/div>\n\t\t","protected":false},"excerpt":{"rendered":"<p>\u0627\u0644\u062f\u064a\u0627\u0646\u0629 \u0627\u0644\u0625\u064a\u0632\u064a\u062f\u064a\u0629: \u062c\u0648\u0647\u0631 \u0627\u0644\u0625\u064a\u0645\u0627\u0646 \u0648\u0641\u0644\u0633\u0641\u0629 \u0627\u0644\u062d\u064a\u0627\u0629 14 \u0645\u0627\u0631\u0633\u060c 2025 \u0627\u0644\u0625\u064a\u0632\u064a\u062f\u064a\u0648\u0646: \u0631\u062d\u0644\u0629 \u0634\u0639\u0628\u064d \u0639\u0631\u064a\u0642 \u0639\u0628\u0631 \u0627\u0644\u062a\u0627\u0631\u064a\u062e 14 \u0645\u0627\u0631\u0633\u060c 2025 \u0627\u0644\u0625\u064a\u0632\u064a\u062f\u064a\u0648\u0646 \u0648\u0627\u0644\u0639\u0644\u0627\u0642\u0627\u062a \u0645\u0639 \u0627\u0644\u0623\u062f\u064a\u0627\u0646 \u0627\u0644\u0623\u062e\u0631\u0649: \u0627\u0644\u062a\u0639\u0627\u064a\u0634 &#8230; <a class=\"cz_readmore\" href=\"https:\/\/shingalverein.org\/de\/jesiden-und-ihre-beziehungen\/\"><i class=\"fas fa-arrow-left\" aria-hidden=\"true\"><\/i><span>\u0642\u0631\u0627\u0621\u0629 \u0627\u0644\u0645\u0632\u064a\u062f<\/span><\/a><\/p>\n","protected":false},"author":1,"featured_media":0,"parent":0,"menu_order":0,"comment_status":"closed","ping_status":"closed","template":"","meta":{"footnotes":""},"class_list":["post-2601","page","type-page","status-publish","hentry"],"_links":{"self":[{"href":"https:\/\/shingalverein.org\/de\/wp-json\/wp\/v2\/pages\/2601","targetHints":{"allow":["GET"]}}],"collection":[{"href":"https:\/\/shingalverein.org\/de\/wp-json\/wp\/v2\/pages"}],"about":[{"href":"https:\/\/shingalverein.org\/de\/wp-json\/wp\/v2\/types\/page"}],"author":[{"embeddable":true,"href":"https:\/\/shingalverein.org\/de\/wp-json\/wp\/v2\/users\/1"}],"replies":[{"embeddable":true,"href":"https:\/\/shingalverein.org\/de\/wp-json\/wp\/v2\/comments?post=2601"}],"version-history":[{"count":2,"href":"https:\/\/shingalverein.org\/de\/wp-json\/wp\/v2\/pages\/2601\/revisions"}],"predecessor-version":[{"id":2606,"href":"https:\/\/shingalverein.org\/de\/wp-json\/wp\/v2\/pages\/2601\/revisions\/2606"}],"wp:attachment":[{"href":"https:\/\/shingalverein.org\/de\/wp-json\/wp\/v2\/media?parent=2601"}],"curies":[{"name":"wp","href":"https:\/\/api.w.org\/{rel}","templated":true}]}}